{"id":5516,"date":"2025-11-08T19:22:08","date_gmt":"2025-11-08T18:22:08","guid":{"rendered":"https:\/\/cuadratic.es\/?page_id=5516"},"modified":"2025-11-08T19:27:06","modified_gmt":"2025-11-08T18:27:06","slug":"politica-de-cookies","status":"publish","type":"page","link":"https:\/\/cuadratic.es\/?page_id=5516","title":{"rendered":"Politica de Cookies"},"content":{"rendered":"\t\t<div data-elementor-type=\"wp-page\" data-elementor-id=\"5516\" class=\"elementor elementor-5516\" data-elementor-post-type=\"page\">\n\t\t\t\t<div class=\"elementor-element elementor-element-d1e6fe5 e-flex e-con-boxed e-con e-parent\" data-id=\"d1e6fe5\" data-element_type=\"container\" data-e-type=\"container\">\n\t\t\t\t\t<div class=\"e-con-inner\">\n\t\t\t\t<div class=\"elementor-element elementor-element-0a20923 elementor-invisible elementor-widget elementor-widget-rt-title\" data-id=\"0a20923\" data-element_type=\"widget\" data-e-type=\"widget\" data-widget_type=\"rt-title.default\">\n\t\t\t\t<div class=\"elementor-widget-container\">\n\t\t\t\t\t<div class=\"section-default-style section-title-style1\">\n\t<div class=\"section-title-holder has-animation\">\n\t\t<div class=\"translate-bottom-50 opacity-animation transition-50 transition-delay-100\">\n\t\t\t<h2 class=\"rtin-title\">Pol\u00edtica de cookies<\/h2>\t\n\t\t<\/div>\n\t\t<div class=\"translate-bottom-50 opacity-animation transition-50 transition-delay-600\">\n\t\t\t<div class=\"heading-icon\">\n\t\t\t\t<svg class=\"dash-left\" width=\"100\" height=\"20\">\n\t\t\t\t<g fill=\"none\" stroke-width=\"4\">\n\t\t\t\t<path class=\"dashed1\" stroke-dasharray=\"5, 5\" d=\"M5 20 l215 0\" \/>\n\t\t\t\t<path class=\"dashed2\" stroke=\"white\" stroke-dasharray=\"5, 5\" d=\"M5 20 l215 0\" \/>\n\t\t\t\t<\/g>\n\t\t\t\t<\/svg>\n\t\t\t\t\n\t\t\t\t<div class=\"rtin-icon\">\t\t\t\n\t\t\t\t\t\t\t\t\t\t\t<i class=\"fas fa-cookie-bite\"><\/i>\n\t\t\t\t\t\t\t\t\t<\/div>\n\t\t\t\t\n\t\t\t\t<svg class=\"dash-right\" width=\"100\" height=\"20\">\n\t\t\t\t<g fill=\"none\" stroke-width=\"4\">\n\t\t\t\t<path class=\"dashed1\" stroke-dasharray=\"5, 5\" d=\"M5 20 l215 0\" \/>\n\t\t\t\t<path class=\"dashed2\" stroke=\"white\" stroke-dasharray=\"5, 5\" d=\"M5 20 l215 0\" \/>\n\t\t\t\t<\/g>\n\t\t\t\t<\/svg>\n\t\t\t\t\n\t\t\t<\/div>\n\t\t<\/div>\n\t\t<div class=\"translate-bottom-50 opacity-animation transition-50 transition-delay-1100\">\n\t\t\t\t\t<\/div>\n\t<\/div>\n<\/div>\n\t\t\t\t<\/div>\n\t\t\t\t<\/div>\n\t\t\t\t<div class=\"elementor-element elementor-element-54cb932 elementor-widget elementor-widget-text-editor\" data-id=\"54cb932\" data-element_type=\"widget\" data-e-type=\"widget\" data-widget_type=\"text-editor.default\">\n\t\t\t\t<div class=\"elementor-widget-container\">\n\t\t\t\t\t\t\t\t\t<p data-start=\"164\" data-end=\"383\">Nuestra web utiliza cookies para mejorar la experiencia de navegaci\u00f3n del usuario y facilitar el correcto funcionamiento del sitio. Las cookies son peque\u00f1os archivos que se almacenan en su navegador al visitar la web.<\/p><p data-start=\"385\" data-end=\"419\"><strong data-start=\"385\" data-end=\"417\">Tipos de cookies utilizadas:<\/strong><\/p><p data-start=\"422\" data-end=\"602\"><strong data-start=\"422\" data-end=\"457\">Cookies t\u00e9cnicas y funcionales:<\/strong>\u00a0Son necesarias para el correcto funcionamiento de la web y permiten, por ejemplo, enviar formularios de contacto o mantener la sesi\u00f3n abierta.<\/p><p data-start=\"605\" data-end=\"773\"><strong data-start=\"605\" data-end=\"629\">Cookies de terceros:<\/strong>\u00a0Nuestro sitio puede contener elementos de servicios externos que pueden generar cookies propias (por ejemplo, servicios de an\u00e1lisis o mapas).<\/p><p data-start=\"775\" data-end=\"999\"><strong data-start=\"775\" data-end=\"794\">Consentimiento:<\/strong><br data-start=\"794\" data-end=\"797\" \/>Al continuar navegando en nuestra web, usted acepta el uso de cookies. Puede configurar su navegador para bloquear o eliminar cookies, aunque algunas funcionalidades del sitio podr\u00edan verse afectadas.<\/p><p data-start=\"1001\" data-end=\"1203\"><strong data-start=\"1001\" data-end=\"1061\">No almacenamos datos personales a trav\u00e9s de las cookies:<\/strong><br data-start=\"1061\" data-end=\"1064\" \/>Las cookies utilizadas no recopilan informaci\u00f3n personal identificable y no se emplean con fines comerciales o de seguimiento individual.<\/p><p data-start=\"1205\" data-end=\"1372\"><strong data-start=\"1205\" data-end=\"1225\">M\u00e1s informaci\u00f3n:<\/strong><br data-start=\"1225\" data-end=\"1228\" \/>Para m\u00e1s detalles sobre c\u00f3mo gestionar o desactivar las cookies, puede consultar la configuraci\u00f3n de su navegador o contactarnos directamente.<\/p>\t\t\t\t\t\t\t\t<\/div>\n\t\t\t\t<\/div>\n\t\t\t\t\t<\/div>\n\t\t\t\t<\/div>\n\t\t\t\t<\/div>\n\t\t","protected":false},"excerpt":{"rendered":"<p>Pol\u00edtica de cookies Nuestra web utiliza cookies para mejorar la experiencia de navegaci\u00f3n del usuario y facilitar el correcto funcionamiento del sitio. Las cookies son peque\u00f1os archivos que se almacenan en su navegador al visitar la web. Tipos de cookies utilizadas: Cookies t\u00e9cnicas y funcionales:\u00a0Son necesarias para el correcto funcionamiento de la web y permiten, [&hellip;]<\/p>\n","protected":false},"author":1,"featured_media":0,"parent":0,"menu_order":0,"comment_status":"closed","ping_status":"closed","template":"elementor_header_footer","meta":{"footnotes":""},"class_list":["post-5516","page","type-page","status-publish","hentry"],"_links":{"self":[{"href":"https:\/\/cuadratic.es\/index.php?rest_route=\/wp\/v2\/pages\/5516","targetHints":{"allow":["GET"]}}],"collection":[{"href":"https:\/\/cuadratic.es\/index.php?rest_route=\/wp\/v2\/pages"}],"about":[{"href":"https:\/\/cuadratic.es\/index.php?rest_route=\/wp\/v2\/types\/page"}],"author":[{"embeddable":true,"href":"https:\/\/cuadratic.es\/index.php?rest_route=\/wp\/v2\/users\/1"}],"replies":[{"embeddable":true,"href":"https:\/\/cuadratic.es\/index.php?rest_route=%2Fwp%2Fv2%2Fcomments&post=5516"}],"version-history":[{"count":10,"href":"https:\/\/cuadratic.es\/index.php?rest_route=\/wp\/v2\/pages\/5516\/revisions"}],"predecessor-version":[{"id":5534,"href":"https:\/\/cuadratic.es\/index.php?rest_route=\/wp\/v2\/pages\/5516\/revisions\/5534"}],"wp:attachment":[{"href":"https:\/\/cuadratic.es\/index.php?rest_route=%2Fwp%2Fv2%2Fmedia&parent=5516"}],"curies":[{"name":"wp","href":"https:\/\/api.w.org\/{rel}","templated":true}]}}