{"id":4758,"date":"2025-05-30T16:39:52","date_gmt":"2025-05-30T14:39:52","guid":{"rendered":"https:\/\/cuadratic.es\/?page_id=4758"},"modified":"2025-10-31T20:11:17","modified_gmt":"2025-10-31T19:11:17","slug":"inicio","status":"publish","type":"page","link":"https:\/\/cuadratic.es\/","title":{"rendered":"Inicio"},"content":{"rendered":"\t\t<div data-elementor-type=\"wp-page\" data-elementor-id=\"4758\" class=\"elementor elementor-4758\" data-elementor-post-type=\"page\">\n\t\t\t\t\t\t<section class=\"elementor-section elementor-top-section elementor-element elementor-element-19c2f039 elementor-section-stretched elementor-section-boxed elementor-section-height-default elementor-section-height-default\" data-id=\"19c2f039\" data-element_type=\"section\" data-e-type=\"section\" id=\"hometop\" data-settings=\"{&quot;stretch_section&quot;:&quot;section-stretched&quot;,&quot;background_background&quot;:&quot;classic&quot;}\">\n\t\t\t\t\t\t<div class=\"elementor-container elementor-column-gap-default\">\n\t\t\t\t\t<div class=\"elementor-column elementor-col-50 elementor-top-column elementor-element elementor-element-6e3d6630\" data-id=\"6e3d6630\" data-element_type=\"column\" data-e-type=\"column\">\n\t\t\t<div class=\"elementor-widget-wrap elementor-element-populated\">\n\t\t\t\t\t\t<div class=\"elementor-element elementor-element-4a4ab45f elementor-widget elementor-widget-rt-text-with-button\" data-id=\"4a4ab45f\" data-element_type=\"widget\" data-e-type=\"widget\" data-widget_type=\"rt-text-with-button.default\">\n\t\t\t\t<div class=\"elementor-widget-container\">\n\t\t\t\t\t<div class=\"section-title-holder has-animation\">\n\t<div class=\"title-text-button title-text-style2\">\n\t\t\t\n\t\t\t\t<div class=\"translate-bottom-75 opacity-animation transition-150 transition-delay-500\">\n\t\t\t<h2 class=\"rtin-title\">Pensamos en las personas.<\/h2>\n\t\t<\/div>\n\t\t\t\t\t\t<div class=\"translate-bottom-75 opacity-animation transition-150 transition-delay-1000\">\n\t\t\t<div class=\"rtin-content\"><p data-start=\"267\" data-end=\"445\">Detr\u00e1s de cada soluci\u00f3n hay alguien que se implica para que todo funcione. Que entiende tus necesidades, te escucha y trabaja a tu lado.<\/p><p><strong>\u00a0<\/strong><\/p><\/div>\n\t\t<\/div>\n\t\t\t\t\t<\/div>\n<\/div>\t\t\t\t<\/div>\n\t\t\t\t<\/div>\n\t\t\t\t\t<\/div>\n\t\t<\/div>\n\t\t\t\t<div class=\"elementor-column elementor-col-50 elementor-top-column elementor-element elementor-element-16b8c078\" data-id=\"16b8c078\" data-element_type=\"column\" data-e-type=\"column\">\n\t\t\t<div class=\"elementor-widget-wrap elementor-element-populated\">\n\t\t\t\t\t\t<div class=\"elementor-element elementor-element-41149dc animated-slow elementor-invisible elementor-widget elementor-widget-image\" data-id=\"41149dc\" data-element_type=\"widget\" data-e-type=\"widget\" data-settings=\"{&quot;_animation&quot;:&quot;fadeInRight&quot;}\" data-widget_type=\"image.default\">\n\t\t\t\t<div class=\"elementor-widget-container\">\n\t\t\t\t\t\t\t\t\t\t\t\t\t\t\t<img fetchpriority=\"high\" decoding=\"async\" width=\"690\" height=\"425\" src=\"https:\/\/cuadratic.es\/wp-content\/uploads\/2020\/01\/feature3.png\" class=\"attachment-full size-full wp-image-1567\" alt=\"\" srcset=\"https:\/\/cuadratic.es\/wp-content\/uploads\/2020\/01\/feature3.png 690w, https:\/\/cuadratic.es\/wp-content\/uploads\/2020\/01\/feature3-600x370.png 600w, https:\/\/cuadratic.es\/wp-content\/uploads\/2020\/01\/feature3-300x185.png 300w\" sizes=\"(max-width: 690px) 100vw, 690px\" \/>\t\t\t\t\t\t\t\t\t\t\t\t\t\t\t<\/div>\n\t\t\t\t<\/div>\n\t\t\t\t\t<\/div>\n\t\t<\/div>\n\t\t\t\t\t<\/div>\n\t\t<\/section>\n\t\t<div class=\"elementor-element elementor-element-0919412 e-flex e-con-boxed e-con e-parent\" data-id=\"0919412\" data-element_type=\"container\" data-e-type=\"container\">\n\t\t\t\t\t<div class=\"e-con-inner\">\n\t\t\t\t<div class=\"elementor-element elementor-element-9d96b59 elementor-invisible elementor-widget elementor-widget-rt-title\" data-id=\"9d96b59\" data-element_type=\"widget\" data-e-type=\"widget\" data-widget_type=\"rt-title.default\">\n\t\t\t\t<div class=\"elementor-widget-container\">\n\t\t\t\t\t<div class=\"section-default-style section-title-style1\">\n\t<div class=\"section-title-holder has-animation\">\n\t\t<div class=\"translate-bottom-50 opacity-animation transition-50 transition-delay-100\">\n\t\t\t<h2 class=\"rtin-title\">Nuestra misi\u00f3n<\/h2>\t\n\t\t<\/div>\n\t\t<div class=\"translate-bottom-50 opacity-animation transition-50 transition-delay-600\">\n\t\t\t<div class=\"heading-icon\">\n\t\t\t\t<svg class=\"dash-left\" width=\"100\" height=\"20\">\n\t\t\t\t<g fill=\"none\" stroke-width=\"4\">\n\t\t\t\t<path class=\"dashed1\" stroke-dasharray=\"5, 5\" d=\"M5 20 l215 0\" \/>\n\t\t\t\t<path class=\"dashed2\" stroke=\"white\" stroke-dasharray=\"5, 5\" d=\"M5 20 l215 0\" \/>\n\t\t\t\t<\/g>\n\t\t\t\t<\/svg>\n\t\t\t\t\n\t\t\t\t<div class=\"rtin-icon\">\t\t\t\n\t\t\t\t\t\t\t\t\t\t\t<i class=\" flaticon-rocket\"><\/i>\n\t\t\t\t\t\t\t\t\t<\/div>\n\t\t\t\t\n\t\t\t\t<svg class=\"dash-right\" width=\"100\" height=\"20\">\n\t\t\t\t<g fill=\"none\" stroke-width=\"4\">\n\t\t\t\t<path class=\"dashed1\" stroke-dasharray=\"5, 5\" d=\"M5 20 l215 0\" \/>\n\t\t\t\t<path class=\"dashed2\" stroke=\"white\" stroke-dasharray=\"5, 5\" d=\"M5 20 l215 0\" \/>\n\t\t\t\t<\/g>\n\t\t\t\t<\/svg>\n\t\t\t\t\n\t\t\t<\/div>\n\t\t<\/div>\n\t\t<div class=\"translate-bottom-50 opacity-animation transition-50 transition-delay-1100\">\n\t\t\t\t\t\t<p class=\"sub-text\">Nuestra misi\u00f3n empieza escuchando y termina cuando todo fluye<\/p>\n\t\t\t\t\t<\/div>\n\t<\/div>\n<\/div>\n\t\t\t\t<\/div>\n\t\t\t\t<\/div>\n\t\t\t\t\t<\/div>\n\t\t\t\t<\/div>\n\t\t\t\t<section class=\"elementor-section elementor-top-section elementor-element elementor-element-74e4f85c elementor-section-stretched elementor-section-boxed elementor-section-height-default elementor-section-height-default\" data-id=\"74e4f85c\" data-element_type=\"section\" data-e-type=\"section\" id=\"que_hacemos\" data-settings=\"{&quot;stretch_section&quot;:&quot;section-stretched&quot;}\">\n\t\t\t\t\t\t<div class=\"elementor-container elementor-column-gap-default\">\n\t\t\t\t\t<div class=\"elementor-column elementor-col-50 elementor-top-column elementor-element elementor-element-6f255a94\" data-id=\"6f255a94\" data-element_type=\"column\" data-e-type=\"column\">\n\t\t\t<div class=\"elementor-widget-wrap elementor-element-populated\">\n\t\t\t\t\t\t<div class=\"elementor-element elementor-element-30836c7d elementor-widget elementor-widget-image\" data-id=\"30836c7d\" data-element_type=\"widget\" data-e-type=\"widget\" data-widget_type=\"image.default\">\n\t\t\t\t<div class=\"elementor-widget-container\">\n\t\t\t\t\t\t\t\t\t\t\t\t\t\t\t<img decoding=\"async\" width=\"797\" height=\"512\" src=\"https:\/\/cuadratic.es\/wp-content\/uploads\/2024\/10\/h18_hero_image.png\" class=\"attachment-full size-full wp-image-4269\" alt=\"\" srcset=\"https:\/\/cuadratic.es\/wp-content\/uploads\/2024\/10\/h18_hero_image.png 797w, https:\/\/cuadratic.es\/wp-content\/uploads\/2024\/10\/h18_hero_image-600x385.png 600w, https:\/\/cuadratic.es\/wp-content\/uploads\/2024\/10\/h18_hero_image-300x193.png 300w, https:\/\/cuadratic.es\/wp-content\/uploads\/2024\/10\/h18_hero_image-768x493.png 768w\" sizes=\"(max-width: 797px) 100vw, 797px\" \/>\t\t\t\t\t\t\t\t\t\t\t\t\t\t\t<\/div>\n\t\t\t\t<\/div>\n\t\t\t\t\t<\/div>\n\t\t<\/div>\n\t\t\t\t<div class=\"elementor-column elementor-col-50 elementor-top-column elementor-element elementor-element-a0fe6df\" data-id=\"a0fe6df\" data-element_type=\"column\" data-e-type=\"column\">\n\t\t\t<div class=\"elementor-widget-wrap elementor-element-populated\">\n\t\t\t\t\t\t<div class=\"elementor-element elementor-element-2c9a0147 elementor-widget elementor-widget-rt-text-with-button\" data-id=\"2c9a0147\" data-element_type=\"widget\" data-e-type=\"widget\" data-widget_type=\"rt-text-with-button.default\">\n\t\t\t\t<div class=\"elementor-widget-container\">\n\t\t\t\t\t<div class=\"section-title-holder no-animation\">\n\t<div class=\"title-text-button title-text-style2\">\n\t\t\t\n\t\t\t\t\t\t<div class=\"translate-bottom-75 opacity-animation transition-150 transition-delay-1000\">\n\t\t\t<div class=\"rtin-content\"><p>No somos una empresa que se esconde detr\u00e1s de tickets, ni de chat bots. Nuestro valor est\u00e1 en c\u00f3mo tratamos a las personas. Estos son los principios que gu\u00edan cada paso que damos: .<\/p><ul><li><strong>Cercan\u00eda,<\/strong> tratamos a cada cliente como si fuera el \u00fanico.<\/li><li><strong>Escucha activa<\/strong>, queremos entender lo que realmente necesitas.<\/li><li><strong>Disponibilidad,<\/strong> estamos cuando nos necesitas, sin rodeos ni excusas.\u00a0<\/li><li><strong>Transparencia, <\/strong>todo te lo explicamos con claridad y sabr\u00e1s en todo momento que estamos haciendo.<\/li><li><strong> Acompa\u00f1amiento,<\/strong> siempre estar\u00e1s acompa\u00f1ado, incluso cuando acabemos.<\/li><\/ul><\/div>\n\t\t<\/div>\n\t\t\t\t\t<\/div>\n<\/div>\t\t\t\t<\/div>\n\t\t\t\t<\/div>\n\t\t\t\t\t<\/div>\n\t\t<\/div>\n\t\t\t\t\t<\/div>\n\t\t<\/section>\n\t\t<div class=\"elementor-element elementor-element-a8174c8 e-flex e-con-boxed e-con e-parent\" data-id=\"a8174c8\" data-element_type=\"container\" data-e-type=\"container\">\n\t\t\t\t\t<div class=\"e-con-inner\">\n\t\t\t\t<div class=\"elementor-element elementor-element-4cc4c0d elementor-invisible elementor-widget elementor-widget-rt-title\" data-id=\"4cc4c0d\" data-element_type=\"widget\" data-e-type=\"widget\" data-widget_type=\"rt-title.default\">\n\t\t\t\t<div class=\"elementor-widget-container\">\n\t\t\t\t\t<div class=\"section-default-style section-title-style1\">\n\t<div class=\"section-title-holder has-animation\">\n\t\t<div class=\"translate-bottom-50 opacity-animation transition-50 transition-delay-100\">\n\t\t\t<h2 class=\"rtin-title\">Por qu\u00e9 elegirnos<\/h2>\t\n\t\t<\/div>\n\t\t<div class=\"translate-bottom-50 opacity-animation transition-50 transition-delay-600\">\n\t\t\t<div class=\"heading-icon\">\n\t\t\t\t<svg class=\"dash-left\" width=\"100\" height=\"20\">\n\t\t\t\t<g fill=\"none\" stroke-width=\"4\">\n\t\t\t\t<path class=\"dashed1\" stroke-dasharray=\"5, 5\" d=\"M5 20 l215 0\" \/>\n\t\t\t\t<path class=\"dashed2\" stroke=\"white\" stroke-dasharray=\"5, 5\" d=\"M5 20 l215 0\" \/>\n\t\t\t\t<\/g>\n\t\t\t\t<\/svg>\n\t\t\t\t\n\t\t\t\t<div class=\"rtin-icon\">\t\t\t\n\t\t\t\t\t\t\t\t\t\t\t<i class=\"fas fa-users\"><\/i>\n\t\t\t\t\t\t\t\t\t<\/div>\n\t\t\t\t\n\t\t\t\t<svg class=\"dash-right\" width=\"100\" height=\"20\">\n\t\t\t\t<g fill=\"none\" stroke-width=\"4\">\n\t\t\t\t<path class=\"dashed1\" stroke-dasharray=\"5, 5\" d=\"M5 20 l215 0\" \/>\n\t\t\t\t<path class=\"dashed2\" stroke=\"white\" stroke-dasharray=\"5, 5\" d=\"M5 20 l215 0\" \/>\n\t\t\t\t<\/g>\n\t\t\t\t<\/svg>\n\t\t\t\t\n\t\t\t<\/div>\n\t\t<\/div>\n\t\t<div class=\"translate-bottom-50 opacity-animation transition-50 transition-delay-1100\">\n\t\t\t\t\t\t<p class=\"sub-text\">Nuestras ventajas frente a lo de siempre. <br>\nEn un sector lleno de respuestas autom\u00e1ticas, tiempos de espera y trato impersonal, nosotros decidimos hacerlo diferente. Estas son las razones por las que quienes nos prueban, se quedan.<\/p>\n\t\t\t\t\t<\/div>\n\t<\/div>\n<\/div>\n\t\t\t\t<\/div>\n\t\t\t\t<\/div>\n\t\t\t\t\t<\/div>\n\t\t\t\t<\/div>\n\t\t\t\t<section class=\"elementor-section elementor-top-section elementor-element elementor-element-822eba1 elementor-section-stretched elementor-section-boxed elementor-section-height-default elementor-section-height-default\" data-id=\"822eba1\" data-element_type=\"section\" data-e-type=\"section\" data-settings=\"{&quot;background_background&quot;:&quot;gradient&quot;,&quot;stretch_section&quot;:&quot;section-stretched&quot;}\">\n\t\t\t\t\t\t<div class=\"elementor-container elementor-column-gap-default\">\n\t\t\t\t\t<div class=\"elementor-column elementor-col-100 elementor-top-column elementor-element elementor-element-a609dc7\" data-id=\"a609dc7\" data-element_type=\"column\" data-e-type=\"column\">\n\t\t\t<div class=\"elementor-widget-wrap elementor-element-populated\">\n\t\t\t\t\t\t<section class=\"elementor-section elementor-inner-section elementor-element elementor-element-cf6133d elementor-section-boxed elementor-section-height-default elementor-section-height-default\" data-id=\"cf6133d\" data-element_type=\"section\" data-e-type=\"section\">\n\t\t\t\t\t\t<div class=\"elementor-container elementor-column-gap-default\">\n\t\t\t\t\t<div class=\"elementor-column elementor-col-33 elementor-inner-column elementor-element elementor-element-73fd943\" data-id=\"73fd943\" data-element_type=\"column\" data-e-type=\"column\">\n\t\t\t<div class=\"elementor-widget-wrap elementor-element-populated\">\n\t\t\t\t\t\t<div class=\"elementor-element elementor-element-4e45afe elementor-widget elementor-widget-rt-info-box\" data-id=\"4e45afe\" data-element_type=\"widget\" data-e-type=\"widget\" data-widget_type=\"rt-info-box.default\">\n\t\t\t\t<div class=\"elementor-widget-container\">\n\t\t\t\t\t<div class=\"has-animation\">\n\t<div class=\"translate-bottom-75 opacity-animation transition-150 transition-delay-300\">\n\t\t<div class=\"info-box-default info-box-style7\">\n\t\t\t<div class=\"rtin-item rtin-icon\">\n\t\t\t\t<div class=\"rtin-media\">\n\t\t\t\t\t<div class=\"rtin-icon\">\t\t\t\n\t\t\t\t\t\t \t\n\t\t\t\t\t\t\t\t\t\t\t\t\t<i class=\"fas fa-users\"><\/i>\n\t\t\t\t\t\t\t\t\t\t\t\t\t\t\t\t\t<\/div>\n\t\t\t\t<\/div>\n\t\t\t\t<div class=\"rtin-content\">\n\t\t\t\t\t\t\t\t\t\t<h3 class=\"rtin-title\">Siempre accesibles y disponibles<\/h3>\n\t\t\t\t\t\t\t\t\t\t<div class=\"rtin-text\"><div class=\"services-title\"><div class=\"services-title\"><p class=\"title\" style=\"text-align: left\"><span style=\"font-size: 16px;font-weight: 400\">La tecnolog\u00eda solo tiene sentido cuando detr\u00e1s hay personas. <strong>Contar con alguien de confianza no deber\u00eda ser una excepci\u00f3n.<\/strong><\/span><\/p><\/div><\/div><\/div>\n\t\t\t\t\t\t\t\t\t\t\t\t\t\t<\/div>\n\t\t\t<\/div>\n\t\t<\/div>\n\t<\/div>\n<\/div>\t\t\t\t<\/div>\n\t\t\t\t<\/div>\n\t\t\t\t\t<\/div>\n\t\t<\/div>\n\t\t\t\t<div class=\"elementor-column elementor-col-33 elementor-inner-column elementor-element elementor-element-09644e6\" data-id=\"09644e6\" data-element_type=\"column\" data-e-type=\"column\">\n\t\t\t<div class=\"elementor-widget-wrap elementor-element-populated\">\n\t\t\t\t\t\t<div class=\"elementor-element elementor-element-e9b5b15 elementor-widget elementor-widget-rt-info-box\" data-id=\"e9b5b15\" data-element_type=\"widget\" data-e-type=\"widget\" data-widget_type=\"rt-info-box.default\">\n\t\t\t\t<div class=\"elementor-widget-container\">\n\t\t\t\t\t<div class=\"has-animation\">\n\t<div class=\"translate-bottom-75 opacity-animation transition-150 transition-delay-100\">\n\t\t<div class=\"info-box-default info-box-style7\">\n\t\t\t<div class=\"rtin-item rtin-icon\">\n\t\t\t\t<div class=\"rtin-media\">\n\t\t\t\t\t<div class=\"rtin-icon\">\t\t\t\n\t\t\t\t\t\t \t\n\t\t\t\t\t\t\t\t\t\t\t\t\t<i class=\"far fa-lightbulb\"><\/i>\n\t\t\t\t\t\t\t\t\t\t\t\t\t\t\t\t\t<\/div>\n\t\t\t\t<\/div>\n\t\t\t\t<div class=\"rtin-content\">\n\t\t\t\t\t\t\t\t\t\t<h3 class=\"rtin-title\">Soluciones claras y adaptadas<\/h3>\n\t\t\t\t\t\t\t\t\t\t<div class=\"rtin-text\"><p style=\"text-align: left\">No aplicamos <strong>f\u00f3rmulas est\u00e1ndar, <\/strong>no hay recetas universales. <strong>Escuchamos <\/strong>y planteamos lo que realmente necesitas.<\/p><\/div>\n\t\t\t\t\t\t\t\t\t\t\t\t\t\t<\/div>\n\t\t\t<\/div>\n\t\t<\/div>\n\t<\/div>\n<\/div>\t\t\t\t<\/div>\n\t\t\t\t<\/div>\n\t\t\t\t\t<\/div>\n\t\t<\/div>\n\t\t\t\t<div class=\"elementor-column elementor-col-33 elementor-inner-column elementor-element elementor-element-9bdf78f\" data-id=\"9bdf78f\" data-element_type=\"column\" data-e-type=\"column\">\n\t\t\t<div class=\"elementor-widget-wrap elementor-element-populated\">\n\t\t\t\t\t\t<div class=\"elementor-element elementor-element-dfd9f55 elementor-widget elementor-widget-rt-info-box\" data-id=\"dfd9f55\" data-element_type=\"widget\" data-e-type=\"widget\" data-widget_type=\"rt-info-box.default\">\n\t\t\t\t<div class=\"elementor-widget-container\">\n\t\t\t\t\t<div class=\"has-animation\">\n\t<div class=\"translate-bottom-75 opacity-animation transition-150 transition-delay-300\">\n\t\t<div class=\"info-box-default info-box-style7\">\n\t\t\t<div class=\"rtin-item rtin-icon\">\n\t\t\t\t<div class=\"rtin-media\">\n\t\t\t\t\t<div class=\"rtin-icon\">\t\t\t\n\t\t\t\t\t\t \t\n\t\t\t\t\t\t\t\t\t\t\t\t\t<i class=\"fas fa-book-reader\"><\/i>\n\t\t\t\t\t\t\t\t\t\t\t\t\t\t\t\t\t<\/div>\n\t\t\t\t<\/div>\n\t\t\t\t<div class=\"rtin-content\">\n\t\t\t\t\t\t\t\t\t\t<h3 class=\"rtin-title\">Acompa\u00f1amiento y formaci\u00f3n<\/h3>\n\t\t\t\t\t\t\t\t\t\t<div class=\"rtin-text\"><p style=\"text-align: left\"><strong data-start=\"259\" data-end=\"289\">Acompa\u00f1amos a las personas<\/strong> que usan la tecnolog\u00eda. Ofrecemos <strong data-start=\"326\" data-end=\"384\">formaci\u00f3n pr\u00e1ctica y adaptada al nivel de cada usuario<\/strong><\/p><\/div>\n\t\t\t\t\t\t\t\t\t\t\t\t\t\t<\/div>\n\t\t\t<\/div>\n\t\t<\/div>\n\t<\/div>\n<\/div>\t\t\t\t<\/div>\n\t\t\t\t<\/div>\n\t\t\t\t\t<\/div>\n\t\t<\/div>\n\t\t\t\t\t<\/div>\n\t\t<\/section>\n\t\t\t\t\t<\/div>\n\t\t<\/div>\n\t\t\t\t\t<\/div>\n\t\t<\/section>\n\t\t<div class=\"elementor-element elementor-element-26bbf52 e-flex e-con-boxed e-con e-parent\" data-id=\"26bbf52\" data-element_type=\"container\" data-e-type=\"container\">\n\t\t\t\t\t<div class=\"e-con-inner\">\n\t\t\t\t<div class=\"elementor-element elementor-element-37b99dc elementor-invisible elementor-widget elementor-widget-rt-title\" data-id=\"37b99dc\" data-element_type=\"widget\" data-e-type=\"widget\" data-widget_type=\"rt-title.default\">\n\t\t\t\t<div class=\"elementor-widget-container\">\n\t\t\t\t\t<div class=\"section-default-style section-title-style1\">\n\t<div class=\"section-title-holder has-animation\">\n\t\t<div class=\"translate-bottom-50 opacity-animation transition-50 transition-delay-100\">\n\t\t\t<h2 class=\"rtin-title\">C\u00f3mo trabajamos<\/h2>\t\n\t\t<\/div>\n\t\t<div class=\"translate-bottom-50 opacity-animation transition-50 transition-delay-600\">\n\t\t\t<div class=\"heading-icon\">\n\t\t\t\t<svg class=\"dash-left\" width=\"100\" height=\"20\">\n\t\t\t\t<g fill=\"none\" stroke-width=\"4\">\n\t\t\t\t<path class=\"dashed1\" stroke-dasharray=\"5, 5\" d=\"M5 20 l215 0\" \/>\n\t\t\t\t<path class=\"dashed2\" stroke=\"white\" stroke-dasharray=\"5, 5\" d=\"M5 20 l215 0\" \/>\n\t\t\t\t<\/g>\n\t\t\t\t<\/svg>\n\t\t\t\t\n\t\t\t\t<div class=\"rtin-icon\">\t\t\t\n\t\t\t\t\t\t\t\t\t\t\t<i class=\"fas fa-users-cog\"><\/i>\n\t\t\t\t\t\t\t\t\t<\/div>\n\t\t\t\t\n\t\t\t\t<svg class=\"dash-right\" width=\"100\" height=\"20\">\n\t\t\t\t<g fill=\"none\" stroke-width=\"4\">\n\t\t\t\t<path class=\"dashed1\" stroke-dasharray=\"5, 5\" d=\"M5 20 l215 0\" \/>\n\t\t\t\t<path class=\"dashed2\" stroke=\"white\" stroke-dasharray=\"5, 5\" d=\"M5 20 l215 0\" \/>\n\t\t\t\t<\/g>\n\t\t\t\t<\/svg>\n\t\t\t\t\n\t\t\t<\/div>\n\t\t<\/div>\n\t\t<div class=\"translate-bottom-50 opacity-animation transition-50 transition-delay-1100\">\n\t\t\t\t\t\t<p class=\"sub-text\">No te damos respuestas gen\u00e9ricas. Buscamos contigo la soluci\u00f3n que mejor se adapta a tu forma de trabajar.<\/p>\n\t\t\t\t\t<\/div>\n\t<\/div>\n<\/div>\n\t\t\t\t<\/div>\n\t\t\t\t<\/div>\n\t\t\t\t\t<\/div>\n\t\t\t\t<\/div>\n\t\t\t\t<section class=\"elementor-section elementor-top-section elementor-element elementor-element-1b0ac645 elementor-section-stretched elementor-section-boxed elementor-section-height-default elementor-section-height-default\" data-id=\"1b0ac645\" data-element_type=\"section\" data-e-type=\"section\" id=\"como\" data-settings=\"{&quot;background_background&quot;:&quot;classic&quot;,&quot;stretch_section&quot;:&quot;section-stretched&quot;}\">\n\t\t\t\t\t\t<div class=\"elementor-container elementor-column-gap-default\">\n\t\t\t\t\t<div class=\"elementor-column elementor-col-50 elementor-top-column elementor-element elementor-element-60c9c89\" data-id=\"60c9c89\" data-element_type=\"column\" data-e-type=\"column\">\n\t\t\t<div class=\"elementor-widget-wrap elementor-element-populated\">\n\t\t\t\t\t\t<div class=\"elementor-element elementor-element-7af38f24 elementor-widget elementor-widget-rt-working-process\" data-id=\"7af38f24\" data-element_type=\"widget\" data-e-type=\"widget\" data-widget_type=\"rt-working-process.default\">\n\t\t\t\t<div class=\"elementor-widget-container\">\n\t\t\t\t\t<div class=\"has-animation\">\n\t<div class=\"translate-bottom-75 opacity-animation transition-100 transition-delay-100\">\n\t\t<div class=\"working-process-default working-process-style7\">\n\t\t\t<div class=\"rtin-item\">\n\t\t\t\t\t\t\t\t<div class=\"count-number\">01<\/div>\n\t\t\t\t\t\t\t\t<div class=\"rtin-content\">\n\t\t\t\t\t\t\t\t\t\t<h3 class=\"rtin-title\">An\u00e1lisis profundo de  necesidades:<\/h3>\n\t\t\t\t\t\t\t\t\t\t<div class=\"rtin-text\"><p style=\"text-align: left\">Te escuchamos, para comprender tus desaf\u00edos, objetivos y requisitos espec\u00edficos, para identificar tus prioridades y limitaciones<\/p><\/div>\n\t\t\t\t\t\t\t\t\t<\/div>\n\t\t\t<\/div>\n\t\t<\/div>\n\t<\/div>\n<\/div>\t\t\t\t<\/div>\n\t\t\t\t<\/div>\n\t\t\t\t<div class=\"elementor-element elementor-element-4679b4a4 elementor-widget elementor-widget-rt-working-process\" data-id=\"4679b4a4\" data-element_type=\"widget\" data-e-type=\"widget\" data-widget_type=\"rt-working-process.default\">\n\t\t\t\t<div class=\"elementor-widget-container\">\n\t\t\t\t\t<div class=\"has-animation\">\n\t<div class=\"translate-bottom-75 opacity-animation transition-100 transition-delay-200\">\n\t\t<div class=\"working-process-default working-process-style7\">\n\t\t\t<div class=\"rtin-item\">\n\t\t\t\t\t\t\t\t<div class=\"count-number\">02<\/div>\n\t\t\t\t\t\t\t\t<div class=\"rtin-content\">\n\t\t\t\t\t\t\t\t\t\t<h3 class=\"rtin-title\">Propuesta personalizada:<\/h3>\n\t\t\t\t\t\t\t\t\t\t<div class=\"rtin-text\"><p style=\"text-align: left\">Dise\u00f1amos una soluci\u00f3n a medida basada en las necesidades detectadas, evaluando distintas tecnolog\u00edas y enfoques para asegurar la mejor opci\u00f3n.<\/p><\/div>\n\t\t\t\t\t\t\t\t\t<\/div>\n\t\t\t<\/div>\n\t\t<\/div>\n\t<\/div>\n<\/div>\t\t\t\t<\/div>\n\t\t\t\t<\/div>\n\t\t\t\t<div class=\"elementor-element elementor-element-4321fa2d elementor-widget elementor-widget-rt-working-process\" data-id=\"4321fa2d\" data-element_type=\"widget\" data-e-type=\"widget\" data-widget_type=\"rt-working-process.default\">\n\t\t\t\t<div class=\"elementor-widget-container\">\n\t\t\t\t\t<div class=\"has-animation\">\n\t<div class=\"translate-bottom-75 opacity-animation transition-100 transition-delay-300\">\n\t\t<div class=\"working-process-default working-process-style7\">\n\t\t\t<div class=\"rtin-item\">\n\t\t\t\t\t\t\t\t<div class=\"count-number\">03<\/div>\n\t\t\t\t\t\t\t\t<div class=\"rtin-content\">\n\t\t\t\t\t\t\t\t\t\t<h3 class=\"rtin-title\">Pruebas y ajustes continuos:<\/h3>\n\t\t\t\t\t\t\t\t\t\t<div class=\"rtin-text\"><p style=\"text-align: left\">Implementamos la soluci\u00f3n, realizando pruebas y ajustes seg\u00fan tu feedback, para que cumpla con tus expectativas.<\/p><\/div>\n\t\t\t\t\t\t\t\t\t<\/div>\n\t\t\t<\/div>\n\t\t<\/div>\n\t<\/div>\n<\/div>\t\t\t\t<\/div>\n\t\t\t\t<\/div>\n\t\t\t\t\t<\/div>\n\t\t<\/div>\n\t\t\t\t<div class=\"elementor-column elementor-col-50 elementor-top-column elementor-element elementor-element-6396e163\" data-id=\"6396e163\" data-element_type=\"column\" data-e-type=\"column\">\n\t\t\t<div class=\"elementor-widget-wrap elementor-element-populated\">\n\t\t\t\t\t\t<div class=\"elementor-element elementor-element-7ff549f6 elementor-widget elementor-widget-image\" data-id=\"7ff549f6\" data-element_type=\"widget\" data-e-type=\"widget\" data-widget_type=\"image.default\">\n\t\t\t\t<div class=\"elementor-widget-container\">\n\t\t\t\t\t\t\t\t\t\t\t\t\t\t\t<img decoding=\"async\" width=\"690\" height=\"523\" src=\"https:\/\/cuadratic.es\/wp-content\/uploads\/2020\/01\/feature1.png\" class=\"attachment-full size-full wp-image-1565\" alt=\"\" srcset=\"https:\/\/cuadratic.es\/wp-content\/uploads\/2020\/01\/feature1.png 690w, https:\/\/cuadratic.es\/wp-content\/uploads\/2020\/01\/feature1-600x455.png 600w, https:\/\/cuadratic.es\/wp-content\/uploads\/2020\/01\/feature1-300x227.png 300w\" sizes=\"(max-width: 690px) 100vw, 690px\" \/>\t\t\t\t\t\t\t\t\t\t\t\t\t\t\t<\/div>\n\t\t\t\t<\/div>\n\t\t\t\t\t<\/div>\n\t\t<\/div>\n\t\t\t\t\t<\/div>\n\t\t<\/section>\n\t\t<div class=\"elementor-element elementor-element-853334b e-flex e-con-boxed e-con e-parent\" data-id=\"853334b\" data-element_type=\"container\" data-e-type=\"container\">\n\t\t\t\t\t<div class=\"e-con-inner\">\n\t\t\t\t<div class=\"elementor-element elementor-element-f6922eb elementor-widget elementor-widget-html\" data-id=\"f6922eb\" data-element_type=\"widget\" data-e-type=\"widget\" data-widget_type=\"html.default\">\n\t\t\t\t<div class=\"elementor-widget-container\">\n\t\t\t\t\t<div id=\"contacto\"> <\/div>\t\t\t\t<\/div>\n\t\t\t\t<\/div>\n\t\t\t\t\t<\/div>\n\t\t\t\t<\/div>\n\t\t\t\t<\/div>\n\t\t","protected":false},"excerpt":{"rendered":"<p>Pensamos en las personas. Detr\u00e1s de cada soluci\u00f3n hay alguien que se implica para que todo funcione. Que entiende tus necesidades, te escucha y trabaja a tu lado. \u00a0 Nuestra misi\u00f3n Nuestra misi\u00f3n empieza escuchando y termina cuando todo fluye No somos una empresa que se esconde detr\u00e1s de tickets, ni de chat bots. Nuestro [&hellip;]<\/p>\n","protected":false},"author":1,"featured_media":0,"parent":0,"menu_order":0,"comment_status":"closed","ping_status":"closed","template":"elementor_header_footer","meta":{"footnotes":""},"class_list":["post-4758","page","type-page","status-publish","hentry"],"_links":{"self":[{"href":"https:\/\/cuadratic.es\/index.php?rest_route=\/wp\/v2\/pages\/4758","targetHints":{"allow":["GET"]}}],"collection":[{"href":"https:\/\/cuadratic.es\/index.php?rest_route=\/wp\/v2\/pages"}],"about":[{"href":"https:\/\/cuadratic.es\/index.php?rest_route=\/wp\/v2\/types\/page"}],"author":[{"embeddable":true,"href":"https:\/\/cuadratic.es\/index.php?rest_route=\/wp\/v2\/users\/1"}],"replies":[{"embeddable":true,"href":"https:\/\/cuadratic.es\/index.php?rest_route=%2Fwp%2Fv2%2Fcomments&post=4758"}],"version-history":[{"count":97,"href":"https:\/\/cuadratic.es\/index.php?rest_route=\/wp\/v2\/pages\/4758\/revisions"}],"predecessor-version":[{"id":5240,"href":"https:\/\/cuadratic.es\/index.php?rest_route=\/wp\/v2\/pages\/4758\/revisions\/5240"}],"wp:attachment":[{"href":"https:\/\/cuadratic.es\/index.php?rest_route=%2Fwp%2Fv2%2Fmedia&parent=4758"}],"curies":[{"name":"wp","href":"https:\/\/api.w.org\/{rel}","templated":true}]}}